{"id":38,"date":"2016-11-30T13:56:31","date_gmt":"2016-11-30T13:56:31","guid":{"rendered":"http:\/\/ternaround.de\/?page_id=38"},"modified":"2026-04-05T14:19:12","modified_gmt":"2026-04-05T14:19:12","slug":"impressum","status":"publish","type":"page","link":"https:\/\/ternaround.de\/?page_id=38","title":{"rendered":"Impressum"},"content":{"rendered":"<div class=\"signature\">\n<div class=\"col-sm-7\">\n<div id=\"content_main\" class=\"main_content cm-container-large cm-container-xlarge\">\n<p>Tern around &#8211; Toni Becker, Freischaffender Ornithologe und faunistischer Gutachter, Brandenburg LK Oder-Spree mit B\u00fcro in Gr\u00fcnheide (M.), Deutschland.<\/p>\n<p>Alle Rechte vorbehalten. Text, Bilder, Grafiken und Animationen sowie deren Anordnung auf der Tern around &#8211; Website unterliegen dem Schutz des Urheberrechts und anderer Schutzgesetze. Der Inhalt dieser Websites darf nicht zu kommerziellen Zwecken kopiert, verbreitet, ver\u00e4ndert oder Dritten zug\u00e4nglich gemacht werden. Einige Seiten enthalten au\u00dferdem Bilder, die dem Copyright Dritter unterliegen.<\/p>\n<p>Tern around Toni Becker<\/p>\n<p>Brandenburg: 15537 Gr\u00fcnheide (Mark) OT Spreeau<\/p>\n<p>fon\u00a0 033633 &#8211; 69 23 00<br \/>\nweb ternaround<br \/>\nmail tern.around@email.de<\/p>\n<p>Umsatzsteuer-Identifikationsnummer 061\/205\/05287<\/p>\n<p><strong>Garantieverzeichnis<\/strong><br \/>\nDiese Website wurde mit gr\u00f6\u00dftm\u00f6glicher Sorgfalt zusammengestellt. Trotzdem kann tern around &#8211; Toni Becker f\u00fcr die Fehlerfreiheit und Genauigkeit der enthaltenen Informationen nicht garantieren. tern around &#8211; Toni Becker schlie\u00dft jegliche Haftung f\u00fcr Sch\u00e4den, die direkt oder indirekt aus der Benutzung dieser Website entstehen, aus, soweit diese nicht auf Vorsatz oder grober Fahrl\u00e4ssigkeit von tern around &#8211; Toni Becker beruhen.<\/p>\n<p><strong>Gesetzliche Hinweise<\/strong><br \/>\ntern around &#8211; Toni Becker\u00a0 freut sich \u00fcber Ihren Besuch auf dieser Website und Ihr Interesse an den Projekten. S\u00e4mtliche auf der Website tern around &#8211; Toni Becker erhobenen pers\u00f6nlichen Daten werden ausschlie\u00dflich zu Ihrer individuellen Betreuung, der \u00dcbersendung von Informationen oder der Unterbreitung von Serviceangeboten gespeichert und verarbeitet. tern around &#8211; Toni Becker sichert zu, dass Ihre Angaben entsprechend den geltenden datenschutzrechtlichen Bestimmungen vertraulich behandelt werden.<\/p>\n<p><strong>Kontakt<\/strong><br \/>\nF\u00fcr Anregungen und Beschwerden bzgl. der Verarbeitung Ihrer pers\u00f6nlichen Daten, k\u00f6nnen Sie sich an uns wenden. Sollten trotz unserer Bem\u00fchungen um Datenrichtigkeit falsche Informationen gespeichert sein, werden wir diese auf Ihre Aufforderung hin berichtigen.<\/p>\n<div id=\"cm_bottom_clearer\"><\/div>\n<\/div>\n<\/div>\n<div class=\"full-width local_row\">\n<div class=\"row page-width\">\n<div class=\"col-sm-7\">\n<div id=\"widgetbar_page_3\" class=\"sidebar_local_2 cm-container-large cm-container-xlarge\">\n<p>Gewerblich genutzte Internetseiten m\u00fcssen in Deutschland laut \u00a75 Telemediengesetz und \u00a755 Rundfunk-Staatsvertrag ein Impressum haben.<\/p>\n<p>Es wird keine Gew\u00e4hr f\u00fcr die Vollst\u00e4ndigkeit und Richtigkeit der hier ver\u00f6ffentlichten Inhalte und Abbildungen \u00fcbernommen. Irrt\u00fcmer und \u00c4nderungen sind vorbehalten. Verl\u00e4sst sich ein Anwender auf diese Informationen, so geschieht dies auf eigenes Risiko. Diese Seiten enthalten Verkn\u00fcpfungen (Links) zu Seiten, die von anderen Unternehmen gepflegt werden und deren aktuelle Inhalte uns nicht bekannt sind. Aus diesem Grund distanzieren wir uns ausdr\u00fccklich von den Inhalten dieser Seiten. Die Kommunikation per E-Mail erfolgt in der Regel unverschl\u00fcsselt und kann unter Umst\u00e4nden von unberechtigten Dritten (Hackern) eingesehen werden. Dies nimmt der Anwender in Kauf und ber\u00fccksichtigt es bei der Angabe vertraulicher Informationen. Wir \u00fcbernehmen keinerlei Verantwortung oder Haftung f\u00fcr Sch\u00e4den jeder Form als Folge der Verwendung dieser Seiten. Ebenfalls erfolgt das Herunterladen von Daten jeder Art auf eigene Gefahr.<\/p>\n<\/div>\n<\/div>\n<\/div>\n<\/div>\n<\/div>\n<div class=\"signature\">\n<div class=\"s3-t s3-t0\">\n<p><strong><big>Datenschutzerkl\u00e4rung<\/big><\/strong><\/p>\n<p><strong>Allgemeiner Hinweis und Pflichtinformationen<\/strong><\/p>\n<p><strong>Benennung der verantwortlichen Stelle<\/strong><\/p>\n<p>Die verantwortliche Stelle f\u00fcr die Datenverarbeitung auf dieser Website ist:<\/p>\n<p><span id=\"s3-t-firma\">tern around<\/span><br \/>\n<span id=\"s3-t-ansprechpartner\">Toni Becker<\/span><br \/>\n<span id=\"s3-t-strasse\">Fliederweg 3<\/span><br \/>\n<span id=\"s3-t-plz\">15537<\/span> <span id=\"s3-t-ort\">Gr\u00fcnheide (M.)<\/span><\/p>\n<p>Die verantwortliche Stelle entscheidet allein oder gemeinsam mit anderen \u00fcber die Zwecke und Mittel der Verarbeitung von personenbezogenen Daten (z.B. Namen, Kontaktdaten o. \u00c4.).<\/p>\n<p><strong>Widerruf Ihrer Einwilligung zur Datenverarbeitung<\/strong><\/p>\n<p>Nur mit Ihrer ausdr\u00fccklichen Einwilligung sind einige Vorg\u00e4nge der Datenverarbeitung m\u00f6glich. Ein Widerruf Ihrer bereits erteilten Einwilligung ist jederzeit m\u00f6glich. F\u00fcr den Widerruf gen\u00fcgt eine formlose Mitteilung per E-Mail. Die Rechtm\u00e4\u00dfigkeit der bis zum Widerruf erfolgten Datenverarbeitung bleibt vom Widerruf unber\u00fchrt.<\/p>\n<p><strong>Recht auf Beschwerde bei der zust\u00e4ndigen Aufsichtsbeh\u00f6rde<\/strong><\/p>\n<p>Als Betroffener steht Ihnen im Falle eines datenschutzrechtlichen Versto\u00dfes ein Beschwerderecht bei der zust\u00e4ndigen Aufsichtsbeh\u00f6rde zu. Zust\u00e4ndige Aufsichtsbeh\u00f6rde bez\u00fcglich datenschutzrechtlicher Fragen ist der Landesdatenschutzbeauftragte des Bundeslandes, in dem sich der Sitz unseres Unternehmens befindet. Der folgende Link stellt eine Liste der Datenschutzbeauftragten sowie deren Kontaktdaten bereit: <a href=\"https:\/\/www.bfdi.bund.de\/DE\/Infothek\/Anschriften_Links\/anschriften_links-node.html\" target=\"_blank\" rel=\"noopener\">https:\/\/www.bfdi.bund.de\/DE\/Infothek\/Anschriften_Links\/anschriften_links-node.html<\/a>.<\/p>\n<p><strong>Recht auf Daten\u00fcbertragbarkeit<\/strong><\/p>\n<p>Ihnen steht das Recht zu, Daten, die wir auf Grundlage Ihrer Einwilligung oder in Erf\u00fcllung eines Vertrags automatisiert verarbeiten, an sich oder an Dritte aush\u00e4ndigen zu lassen. Die Bereitstellung erfolgt in einem maschinenlesbaren Format. Sofern Sie die direkte \u00dcbertragung der Daten an einen anderen Verantwortlichen verlangen, erfolgt dies nur, soweit es technisch machbar ist.<\/p>\n<p><strong>Recht auf Auskunft, Berichtigung, Sperrung, L\u00f6schung<\/strong><\/p>\n<p>Sie haben jederzeit im Rahmen der geltenden gesetzlichen Bestimmungen das Recht auf unentgeltliche Auskunft \u00fcber Ihre gespeicherten personenbezogenen Daten, Herkunft der Daten, deren Empf\u00e4nger und den Zweck der Datenverarbeitung und ggf. ein Recht auf Berichtigung, Sperrung oder L\u00f6schung dieser Daten. Diesbez\u00fcglich und auch zu weiteren Fragen zum Thema personenbezogene Daten k\u00f6nnen Sie sich jederzeit \u00fcber die im Impressum aufgef\u00fchrten Kontaktm\u00f6glichkeiten an uns wenden.<\/p>\n<p><strong>SSL- bzw. TLS-Verschl\u00fcsselung<\/strong><\/p>\n<p>Aus Sicherheitsgr\u00fcnden und zum Schutz der \u00dcbertragung vertraulicher Inhalte, die Sie an uns als Seitenbetreiber senden, nutzt unsere Website eine SSL-bzw. TLS-Verschl\u00fcsselung. Damit sind Daten, die Sie \u00fcber diese Website \u00fcbermitteln, f\u00fcr Dritte nicht mitlesbar. Sie erkennen eine verschl\u00fcsselte Verbindung an der \u201ehttps:\/\/\u201c Adresszeile Ihres Browsers und am Schloss-Symbol in der Browserzeile.<\/p>\n<\/div>\n<div class=\"s3-t s3-t13\">\n<p>&nbsp;<\/p>\n<\/div>\n<div class=\"s3-t s3-t0\">\n<p><small>Quelle: Datenschutz-Konfigurator von <a href=\"http:\/\/www.mein-datenschutzbeauftragter.de\" target=\"_blank\" rel=\"noopener\">mein-datenschutzbeauftragter.de<\/a><\/small><\/p>\n<\/div>\n<\/div>\n<div class=\"signature\"><\/div>\n<div class=\"signature\"><\/div>\n<div class=\"signature\"><\/div>\n","protected":false},"excerpt":{"rendered":"<p>Tern around &#8211; Toni Becker, Freischaffender Ornithologe und faunistischer Gutachter, Brandenburg LK Oder-Spree mit B\u00fcro in Gr\u00fcnheide (M.), Deutschland. Alle Rechte vorbehalten. Text, Bilder, Grafiken und Animationen sowie deren Anordnung auf der Tern around &#8211; Website unterliegen dem Schutz des Urheberrechts und anderer Schutzgesetze. Der Inhalt dieser Websites darf nicht zu kommerziellen Zwecken kopiert, verbreitet, &hellip; <a href=\"https:\/\/ternaround.de\/?page_id=38\" class=\"more-link\"><span class=\"screen-reader-text\">\u201eImpressum\u201c <\/span>weiterlesen<\/a><\/p>\n","protected":false},"author":1,"featured_media":0,"parent":0,"menu_order":0,"comment_status":"closed","ping_status":"closed","template":"","meta":{"footnotes":""},"class_list":["post-38","page","type-page","status-publish","hentry"],"_links":{"self":[{"href":"https:\/\/ternaround.de\/index.php?rest_route=\/wp\/v2\/pages\/38","targetHints":{"allow":["GET"]}}],"collection":[{"href":"https:\/\/ternaround.de\/index.php?rest_route=\/wp\/v2\/pages"}],"about":[{"href":"https:\/\/ternaround.de\/index.php?rest_route=\/wp\/v2\/types\/page"}],"author":[{"embeddable":true,"href":"https:\/\/ternaround.de\/index.php?rest_route=\/wp\/v2\/users\/1"}],"replies":[{"embeddable":true,"href":"https:\/\/ternaround.de\/index.php?rest_route=%2Fwp%2Fv2%2Fcomments&post=38"}],"version-history":[{"count":5,"href":"https:\/\/ternaround.de\/index.php?rest_route=\/wp\/v2\/pages\/38\/revisions"}],"predecessor-version":[{"id":85,"href":"https:\/\/ternaround.de\/index.php?rest_route=\/wp\/v2\/pages\/38\/revisions\/85"}],"wp:attachment":[{"href":"https:\/\/ternaround.de\/index.php?rest_route=%2Fwp%2Fv2%2Fmedia&parent=38"}],"curies":[{"name":"wp","href":"https:\/\/api.w.org\/{rel}","templated":true}]}}